{"id":5824,"date":"2025-02-27T13:44:55","date_gmt":"2025-02-27T12:44:55","guid":{"rendered":"https:\/\/www.almconsultants.com\/almconsultants\/?page_id=5824"},"modified":"2025-03-03T14:06:04","modified_gmt":"2025-03-03T13:06:04","slug":"termes-et-conditions","status":"publish","type":"page","link":"https:\/\/www.almconsultants.com\/almconsultants\/termes-et-conditions\/","title":{"rendered":"Termes et Conditions"},"content":{"rendered":"\n<div style=\"height:50px\" aria-hidden=\"true\" class=\"wp-block-spacer\"><\/div>\n\n\n\n<div class=\"wp-block-stackable-heading stk-block-heading stk-block-heading--v2 stk-block stk-4491566\" id=\"termes-et-conditions-d-utilisation\" data-block-id=\"4491566\"><style>.stk-4491566 {margin-bottom:0px !important;}<\/style><h1 class=\"stk-block-heading__text has-text-align-center\">Termes et Conditions d&rsquo;Utilisation<\/h1><\/div>\n\n\n\n<div class=\"wp-block-stackable-subtitle stk-block-subtitle stk-block stk-9bb7739\" data-block-id=\"9bb7739\"><p class=\"stk-block-subtitle__text stk-subtitle has-text-align-center\">    Date de derni\u00e8re mise \u00e0 jour : 26 f\u00e9vrier 2025<\/p><\/div>\n\n\n\n<h2 class=\"wp-block-heading\">Mentions L\u00e9gales<\/h2>\n\n\n\n<p>Le pr\u00e9sent site web (www.almconsultants.com) est \u00e9dit\u00e9 par le cabinet de conseils ALM CONSULTANTS, soci\u00e9t\u00e9 enregistr\u00e9e ayant son si\u00e8ge social \u00e0 Douala, Cameroun. Les pr\u00e9sentes conditions ont pour objet de d\u00e9finir les modalit\u00e9s d&rsquo;utilisation du site et des services propos\u00e9s par ALMCONSULTANTS. Responsable de la publication : Roger LOCK Contact : alm@almconsultants.com | +(237) 699-998-975<\/p>\n\n\n\n<h4 class=\"wp-block-heading\">Acceptation des Conditions<\/h4>\n\n\n\n<p>En naviguant sur ce site, vous reconnaissez avoir pris connaissance des pr\u00e9sentes conditions et acceptez de vous y conformer.<\/p>\n\n\n\n<h5 class=\"wp-block-heading\">Acc\u00e8s et Utilisation<\/h5>\n\n\n\n<p>L\u2019acc\u00e8s au site est libre et gratuit. Toutefois, certaines sections peuvent \u00eatre r\u00e9serv\u00e9es aux clients ayant souscrit \u00e0 nos services.<\/p>\n\n\n\n<h5 class=\"wp-block-heading\">Propri\u00e9t\u00e9 Intellectuelle<\/h5>\n\n\n\n<p>Tout le contenu du site (textes, images, logos, documents) est prot\u00e9g\u00e9 par les lois camerounaises sur la propri\u00e9t\u00e9 intellectuelle. Toute reproduction non autoris\u00e9e est interdite.<\/p>\n\n\n\n<h2 class=\"wp-block-heading\">Responsabilit\u00e9s<\/h2>\n\n\n\n<p>ALM CONSULTANTS ne peut \u00eatre tenu responsable des dommages directs ou indirects r\u00e9sultant de l\u2019utilisation du site.<br>Les utilisateurs doivent s\u2019assurer qu\u2019ils disposent d\u2019une connexion internet s\u00e9curis\u00e9e.<\/p>\n\n\n\n<h2 class=\"wp-block-heading\">Donn\u00e9es Personnelles<\/h2>\n\n\n\n<p>Conform\u00e9ment \u00e0 la loi n\u00b0 2010\/012 sur la cybers\u00e9curit\u00e9 au Cameroun, les donn\u00e9es personnelles collect\u00e9es sur ce site sont trait\u00e9es de mani\u00e8re confidentielle.<br>Vous disposez d\u2019un droit d\u2019acc\u00e8s, de modification et de suppression de vos donn\u00e9es en nous contactant \u00e0 : conseils@almconsultants.com.<\/p>\n\n\n\n<h2 class=\"wp-block-heading\">Cookies<\/h2>\n\n\n\n<p>Le site utilise des cookies pour am\u00e9liorer l\u2019exp\u00e9rience utilisateur. Vous pouvez configurer votre navigateur pour les refuser.<\/p>\n\n\n\n<div style=\"height:50px\" aria-hidden=\"true\" class=\"wp-block-spacer\"><\/div>\n","protected":false},"excerpt":{"rendered":"<p>Termes et Conditions d&rsquo;Utilisation Date de derni\u00e8re mise \u00e0 jour : 26 f\u00e9vrier 2025 Mentions L\u00e9gales Le pr\u00e9sent site web (www.almconsultants.com) est \u00e9dit\u00e9 par le cabinet de conseils ALM CONSULTANTS, soci\u00e9t\u00e9 enregistr\u00e9e ayant son si\u00e8ge social \u00e0 Douala, Cameroun. Les pr\u00e9sentes conditions ont pour objet de d\u00e9finir les modalit\u00e9s d&rsquo;utilisation du site et des services [&hellip;]<\/p>\n","protected":false},"author":1,"featured_media":0,"parent":0,"menu_order":0,"comment_status":"closed","ping_status":"closed","template":"","meta":{"qubely_global_settings":"","qubely_interactions":"","content-type":"","_monsterinsights_skip_tracking":false,"_monsterinsights_sitenote_active":false,"_monsterinsights_sitenote_note":"","_monsterinsights_sitenote_category":0,"footnotes":""},"class_list":["post-5824","page","type-page","status-publish","hentry"],"blocksy_meta":[],"_links":{"self":[{"href":"https:\/\/www.almconsultants.com\/almconsultants\/wp-json\/wp\/v2\/pages\/5824","targetHints":{"allow":["GET"]}}],"collection":[{"href":"https:\/\/www.almconsultants.com\/almconsultants\/wp-json\/wp\/v2\/pages"}],"about":[{"href":"https:\/\/www.almconsultants.com\/almconsultants\/wp-json\/wp\/v2\/types\/page"}],"author":[{"embeddable":true,"href":"https:\/\/www.almconsultants.com\/almconsultants\/wp-json\/wp\/v2\/users\/1"}],"replies":[{"embeddable":true,"href":"https:\/\/www.almconsultants.com\/almconsultants\/wp-json\/wp\/v2\/comments?post=5824"}],"version-history":[{"count":2,"href":"https:\/\/www.almconsultants.com\/almconsultants\/wp-json\/wp\/v2\/pages\/5824\/revisions"}],"predecessor-version":[{"id":5900,"href":"https:\/\/www.almconsultants.com\/almconsultants\/wp-json\/wp\/v2\/pages\/5824\/revisions\/5900"}],"wp:attachment":[{"href":"https:\/\/www.almconsultants.com\/almconsultants\/wp-json\/wp\/v2\/media?parent=5824"}],"curies":[{"name":"wp","href":"https:\/\/api.w.org\/{rel}","templated":true}]}}