{"id":5028,"date":"2025-01-21T09:24:46","date_gmt":"2025-01-21T08:24:46","guid":{"rendered":"https:\/\/www.almconsultants.com\/almconsultants\/?page_id=5028"},"modified":"2025-02-06T10:52:42","modified_gmt":"2025-02-06T09:52:42","slug":"se-connecter","status":"publish","type":"page","link":"https:\/\/www.almconsultants.com\/almconsultants\/se-connecter\/","title":{"rendered":"Se Connecter"},"content":{"rendered":"\n<div class=\"wp-block-stackable-columns alignfull stk-block-columns stk-block stk-b7657f1 stk-block-background stk--has-background-overlay\" data-block-id=\"b7657f1\"><style>.stk-b7657f1 {background-color:#fffefe !important;background-image:url(https:\/\/www.almconsultants.com\/almconsultants\/wp-content\/uploads\/2025\/01\/DALL\u00b7E-2025-01-08-15.11.33-A-professional-and-modern-background-design-for-a-website-header-inspired-by-first-party-and-second-party-audits-for-clients.-The-image-should-featur.avif) !important;background-position:top right !important;background-repeat:no-repeat !important;background-size:60% !important;background-blend-mode:darken !important;border-top-left-radius:25px !important;border-top-right-radius:25px !important;border-bottom-right-radius:25px !important;border-bottom-left-radius:25px !important;overflow:hidden !important;box-shadow:0px 0px 10px 1px #0000001a !important;max-width:85% !important;min-width:auto !important;padding-top:24px !important;padding-right:24px !important;padding-bottom:24px !important;padding-left:24px !important;margin-top:50px !important;margin-right:auto !important;margin-bottom:50px !important;margin-left:auto !important;}.stk-b7657f1:before{background-color:#fffefe !important;opacity:0 !important;}.stk-b7657f1-column{--stk-column-gap:100px !important;}@media screen and (max-width:689px){.stk-b7657f1 {max-width:90% !important;min-width:auto !important;padding-top:25px !important;padding-right:24px !important;padding-left:24px !important;margin-top:24px !important;margin-right:auto !important;margin-bottom:24px !important;margin-left:auto !important;}}<\/style><div class=\"stk-row stk-inner-blocks has-text-align-left stk-block-content stk-content-align stk-b7657f1-column alignfull\">\n<div class=\"wp-block-stackable-column stk-block-column stk-column stk-block stk-f36242b\" data-v=\"4\" data-block-id=\"f36242b\"><style>.stk-f36242b {align-self:center !important;}@media screen and (min-width:690px){.stk-f36242b {flex:var(--stk-flex-grow, 1) 1 calc(40% - var(--stk-column-gap, 0px) * 1 \/ 2 ) !important;}}<\/style><div class=\"stk-column-wrapper stk-block-column__content stk-container stk-f36242b-container stk--no-background stk--no-padding\"><div class=\"has-text-align-left stk-block-content stk-inner-blocks stk-f36242b-inner-blocks\">\n<h2 class=\"wp-block-heading\">Connexion<\/h2>\n\n\n<p>[ultimatemember form_id=\u00a0\u00bb1504&Prime;]<\/p>\n\n\n\n<details class=\"wp-block-stackable-accordion stk-block-accordion stk-inner-blocks stk-block-content stk-block stk-bf14df7 is-style-plain\" data-block-id=\"bf14df7\"><style>.stk-bf14df7 {max-width:80% !important;min-width:auto !important;padding-bottom:24px !important;margin-left:5px !important;}<\/style>\n<summary class=\"wp-block-stackable-column stk-block-column stk-column stk-block stk-64a6bf4 stk--container-small stk-block-accordion__heading\" data-v=\"4\" data-block-id=\"64a6bf4\"><div class=\"stk-column-wrapper stk-block-column__content stk-container stk-64a6bf4-container stk--no-background stk--no-padding\"><div class=\"stk-block-content stk-inner-blocks stk-64a6bf4-inner-blocks\">\n<div class=\"wp-block-stackable-icon-label stk-block-icon-label stk-block stk-9673017\" data-block-id=\"9673017\"><style>.stk-9673017 {max-width:100% !important;min-width:auto !important;}<\/style><div class=\"stk-row stk-inner-blocks stk-block-content\">\n<div class=\"wp-block-stackable-heading stk-block-heading stk-block-heading--v2 stk-block stk-a41852a\" id=\"politique-de-confidentialite\" data-block-id=\"a41852a\"><style>.stk-a41852a .stk-block-heading__text{font-size:12px !important;}@media screen and (max-width:999px){.stk-a41852a .stk-block-heading__text{font-size:12px !important;}}<\/style><p class=\"stk-block-heading__text\">Politique de confidentialit\u00e9<\/p><\/div>\n\n\n\n<div class=\"wp-block-stackable-icon stk-block-icon stk-block stk-76da97a\" data-block-id=\"76da97a\"><span class=\"stk--svg-wrapper\"><div class=\"stk--inner-svg\"><svg style=\"height:0;width:0\"><defs><linearGradient id=\"linear-gradient-76da97a\" x1=\"0\" x2=\"100%\" y1=\"0\" y2=\"0\"><stop offset=\"0%\" style=\"stop-opacity:1;stop-color:var(--linear-gradient-76-da-97-a-color-1)\"><\/stop><stop offset=\"100%\" style=\"stop-opacity:1;stop-color:var(--linear-gradient-76-da-97-a-color-2)\"><\/stop><\/linearGradient><\/defs><\/svg><svg data-prefix=\"fas\" data-icon=\"chevron-down\" class=\"svg-inline--fa fa-chevron-down fa-w-14\" xmlns=\"http:\/\/www.w3.org\/2000\/svg\" viewBox=\"0 0 448 512\" aria-hidden=\"true\" width=\"32\" height=\"32\"><path fill=\"currentColor\" d=\"M207.029 381.476L12.686 187.132c-9.373-9.373-9.373-24.569 0-33.941l22.667-22.667c9.357-9.357 24.522-9.375 33.901-.04L224 284.505l154.745-154.021c9.379-9.335 24.544-9.317 33.901.04l22.667 22.667c9.373 9.373 9.373 24.569 0 33.941L240.971 381.476c-9.373 9.372-24.569 9.372-33.942 0z\"><\/path><\/svg><\/div><\/span><\/div>\n<\/div><\/div>\n<\/div><\/div><\/summary>\n\n\n\n<div class=\"wp-block-stackable-column stk-block-column stk-column stk-block stk-20e2309 stk-block-accordion__content\" data-v=\"4\" data-block-id=\"20e2309\"><style>.stk-20e2309-container{padding-top:0px !important;padding-right:0px !important;padding-bottom:0px !important;padding-left:0px !important;}<\/style><div class=\"stk-column-wrapper stk-block-column__content stk-container stk-20e2309-container stk--no-background stk--no-padding\"><div class=\"stk-block-content stk-inner-blocks stk-20e2309-inner-blocks\">\n<div class=\"wp-block-stackable-text stk-block-text stk-block stk-b23e1d4\" data-block-id=\"b23e1d4\"><style>.stk-b23e1d4 .stk-block-text__text{font-size:11px !important;}@media screen and (max-width:999px){.stk-b23e1d4 .stk-block-text__text{font-size:11px !important;}}<\/style><p class=\"stk-block-text__text\">En me connectant, je confirme avoir lu et accept\u00e9 les\u00a0conditions d&rsquo;utilisation. Je comprends \u00e9galement que ALM CONSULTANTS m&rsquo;enverra occasionnellement des emails marketing que je pourrai modifier selon mes pr\u00e9f\u00e9rences dans les param\u00e8tres de mon compte \u00e0 tout moment. <\/p><\/div>\n<\/div><\/div><\/div>\n<\/details>\n<\/div><\/div><\/div>\n\n\n\n<div class=\"wp-block-stackable-column stk-block-column stk-column stk-block stk-368210d\" data-v=\"4\" data-block-id=\"368210d\"><style>.stk-368210d {padding-left:100px !important;}@media screen and (min-width:690px){.stk-368210d {flex:var(--stk-flex-grow, 1) 1 calc(60% - var(--stk-column-gap, 0px) * 1 \/ 2 ) !important;}}<\/style><div class=\"stk-column-wrapper stk-block-column__content stk-container stk-368210d-container stk--no-background stk--no-padding\"><div class=\"stk-block-content stk-inner-blocks stk-368210d-inner-blocks\"><\/div><\/div><\/div>\n<\/div><\/div>\n","protected":false},"excerpt":{"rendered":"<p>Connexion Politique de confidentialit\u00e9 En me connectant, je confirme avoir lu et accept\u00e9 les\u00a0conditions d&rsquo;utilisation. Je comprends \u00e9galement que ALM CONSULTANTS m&rsquo;enverra occasionnellement des emails marketing que je pourrai modifier selon mes pr\u00e9f\u00e9rences dans les param\u00e8tres de mon compte \u00e0 tout moment.<\/p>\n","protected":false},"author":1,"featured_media":0,"parent":0,"menu_order":0,"comment_status":"closed","ping_status":"closed","template":"","meta":{"qubely_global_settings":"","qubely_interactions":"","content-type":"","_monsterinsights_skip_tracking":false,"_monsterinsights_sitenote_active":false,"_monsterinsights_sitenote_note":"","_monsterinsights_sitenote_category":0,"footnotes":""},"class_list":["post-5028","page","type-page","status-publish","hentry"],"blocksy_meta":[],"_links":{"self":[{"href":"https:\/\/www.almconsultants.com\/almconsultants\/wp-json\/wp\/v2\/pages\/5028","targetHints":{"allow":["GET"]}}],"collection":[{"href":"https:\/\/www.almconsultants.com\/almconsultants\/wp-json\/wp\/v2\/pages"}],"about":[{"href":"https:\/\/www.almconsultants.com\/almconsultants\/wp-json\/wp\/v2\/types\/page"}],"author":[{"embeddable":true,"href":"https:\/\/www.almconsultants.com\/almconsultants\/wp-json\/wp\/v2\/users\/1"}],"replies":[{"embeddable":true,"href":"https:\/\/www.almconsultants.com\/almconsultants\/wp-json\/wp\/v2\/comments?post=5028"}],"version-history":[{"count":9,"href":"https:\/\/www.almconsultants.com\/almconsultants\/wp-json\/wp\/v2\/pages\/5028\/revisions"}],"predecessor-version":[{"id":5507,"href":"https:\/\/www.almconsultants.com\/almconsultants\/wp-json\/wp\/v2\/pages\/5028\/revisions\/5507"}],"wp:attachment":[{"href":"https:\/\/www.almconsultants.com\/almconsultants\/wp-json\/wp\/v2\/media?parent=5028"}],"curies":[{"name":"wp","href":"https:\/\/api.w.org\/{rel}","templated":true}]}}